{"id":171,"date":"2019-11-15T10:50:28","date_gmt":"2019-11-15T09:50:28","guid":{"rendered":"https:\/\/www.vestigiumapps.com\/?page_id=171"},"modified":"2022-10-26T08:47:22","modified_gmt":"2022-10-26T06:47:22","slug":"aviso-legal","status":"publish","type":"page","link":"https:\/\/www.vestigiumapps.com\/ca\/aviso-legal\/","title":{"rendered":"AVISO LEGAL"},"content":{"rendered":"<div data-elementor-type=\"wp-page\" data-elementor-id=\"171\" class=\"elementor elementor-171\" data-elementor-settings=\"{&quot;ha_cmc_init_switcher&quot;:&quot;no&quot;}\" data-elementor-post-type=\"page\">\n\t\t\t\t\t\t<section class=\"elementor-section elementor-top-section elementor-element elementor-element-359ec60c elementor-section-boxed elementor-section-height-default elementor-section-height-default\" data-id=\"359ec60c\" data-element_type=\"section\" data-e-type=\"section\" data-settings=\"{&quot;jet_parallax_layout_list&quot;:[],&quot;_ha_eqh_enable&quot;:false}\">\n\t\t\t\t\t\t<div class=\"elementor-container elementor-column-gap-default\">\n\t\t\t\t\t<div class=\"elementor-column elementor-col-100 elementor-top-column elementor-element elementor-element-1f6e7d9c\" data-id=\"1f6e7d9c\" data-element_type=\"column\" data-e-type=\"column\">\n\t\t\t<div class=\"elementor-widget-wrap elementor-element-populated\">\n\t\t\t\t\t\t<div class=\"elementor-element elementor-element-16e532e5 elementor-widget elementor-widget-spacer\" data-id=\"16e532e5\" data-element_type=\"widget\" data-e-type=\"widget\" data-widget_type=\"spacer.default\">\n\t\t\t\t\t\t\t<div class=\"elementor-spacer\">\n\t\t\t<div class=\"elementor-spacer-inner\"><\/div>\n\t\t<\/div>\n\t\t\t\t\t\t<\/div>\n\t\t\t\t<div class=\"elementor-element elementor-element-649d0762 elementor-widget elementor-widget-heading\" data-id=\"649d0762\" data-element_type=\"widget\" data-e-type=\"widget\" data-widget_type=\"heading.default\">\n\t\t\t\t\t<h1 class=\"elementor-heading-title elementor-size-default\">AVISO LEGAL<\/h1>\t\t\t\t<\/div>\n\t\t\t\t<div class=\"elementor-element elementor-element-29c0fec2 elementor-widget elementor-widget-heading\" data-id=\"29c0fec2\" data-element_type=\"widget\" data-e-type=\"widget\" data-widget_type=\"heading.default\">\n\t\t\t\t\t<h2 class=\"elementor-heading-title elementor-size-default\">VESTIGIUM SCP<\/h2>\t\t\t\t<\/div>\n\t\t\t\t<div class=\"elementor-element elementor-element-7f9c1b27 elementor-widget-divider--view-line elementor-widget elementor-widget-divider\" data-id=\"7f9c1b27\" data-element_type=\"widget\" data-e-type=\"widget\" data-widget_type=\"divider.default\">\n\t\t\t\t\t\t\t<div class=\"elementor-divider\">\n\t\t\t<span class=\"elementor-divider-separator\">\n\t\t\t\t\t\t<\/span>\n\t\t<\/div>\n\t\t\t\t\t\t<\/div>\n\t\t\t\t<div class=\"elementor-element elementor-element-58bbf535 elementor-widget elementor-widget-heading\" data-id=\"58bbf535\" data-element_type=\"widget\" data-e-type=\"widget\" data-widget_type=\"heading.default\">\n\t\t\t\t\t<h3 class=\"elementor-heading-title elementor-size-default\">AVISO LEGAL<\/h3>\t\t\t\t<\/div>\n\t\t\t\t<div class=\"elementor-element elementor-element-231acf4d elementor-widget elementor-widget-heading\" data-id=\"231acf4d\" data-element_type=\"widget\" data-e-type=\"widget\" data-widget_type=\"heading.default\">\n\t\t\t\t\t<h4 class=\"elementor-heading-title elementor-size-default\"><a href=\"\">1. Objeto y aceptaci\u00f3n<\/a><\/h4>\t\t\t\t<\/div>\n\t\t\t\t<div class=\"elementor-element elementor-element-59cb7457 elementor-widget elementor-widget-text-editor\" data-id=\"59cb7457\" data-element_type=\"widget\" data-e-type=\"widget\" data-widget_type=\"text-editor.default\">\n\t\t\t\t\t\t\t\t\t<ol><li style=\"list-style-type: none;\"><p>El presente aviso legal regula el uso de nuestro sitio web, del que es titular <strong>VESTIGIUM SCP<\/strong> . La navegaci\u00f3n por el sitio web de <strong>VESTIGIUM SCP<\/strong> atribuye la condici\u00f3n de usuario del mismo e implica la aceptaci\u00f3n plena y sin reservas de todas y cada una de las disposiciones incluidas en este Aviso Legal, que pueden sufrir modificaciones. Usted se obliga a hacer un uso correcto del sitio web de conformidad con las leyes, la buena fe, el orden p\u00fablico, los usos del tr\u00e1fico y el presente <strong>Aviso Legal<\/strong>. El usted responder\u00e1 frente a <strong>VESTIGIUM SCP<\/strong> o frente a terceros, de cualesquiera da\u00f1os y perjuicios que pudieran causarle como consecuencia del incumplimiento de dicha obligaci\u00f3n.<\/p><\/li><\/ol>\t\t\t\t\t\t\t\t<\/div>\n\t\t\t\t<div class=\"elementor-element elementor-element-74c3b557 elementor-widget elementor-widget-heading\" data-id=\"74c3b557\" data-element_type=\"widget\" data-e-type=\"widget\" data-widget_type=\"heading.default\">\n\t\t\t\t\t<h4 class=\"elementor-heading-title elementor-size-default\"><a href=\"\">2. Identificaci\u00f3n y comunicaciones<\/a><\/h4>\t\t\t\t<\/div>\n\t\t\t\t<div class=\"elementor-element elementor-element-5d753171 elementor-widget elementor-widget-text-editor\" data-id=\"5d753171\" data-element_type=\"widget\" data-e-type=\"widget\" data-widget_type=\"text-editor.default\">\n\t\t\t\t\t\t\t\t\t<ol><li style=\"list-style-type: none;\"><ol><li style=\"list-style-type: none;\"><strong>VESTIGIUM SCP<\/strong>, en cumplimiento de la Ley 34\/2002, de 11 de julio, de servicios de la sociedad de la informaci\u00f3n y de comercio electr\u00f3nico, le informa de que:<\/li><li style=\"list-style-type: none;\"><ul><li>Su denominaci\u00f3n social es: <strong>VESTIGIUM SCP<\/strong><\/li><li>Su CIF es: <strong>J25854118<\/strong><\/li><li>Su domicilio social est\u00e1 en: <strong>COMPLEX CAPARRELLA EDIFICI CEEI LLEIDA MODUL 2.1 &#8211; (25192) LLEIDA<\/strong><\/li><\/ul><\/li><li style=\"list-style-type: none;\"><p>Para comunicarse con nosotros, ponemos a su disposici\u00f3n diferentes medios de contacto especificados en la <strong>pol\u00edtica de privacidad<\/strong>.<\/p><p>Todas las notificaciones y comunicaciones que realice con <strong>VESTIGIUM SCP<\/strong> se considerar\u00e1n eficaces, a todos los efectos, siempre y cuando se realicen por los medios especificados anteriormente<\/p><\/li><\/ol><\/li><\/ol>\t\t\t\t\t\t\t\t<\/div>\n\t\t\t\t<div class=\"elementor-element elementor-element-3b36793b elementor-widget elementor-widget-heading\" data-id=\"3b36793b\" data-element_type=\"widget\" data-e-type=\"widget\" data-widget_type=\"heading.default\">\n\t\t\t\t\t<h4 class=\"elementor-heading-title elementor-size-default\"><a href=\"\">3. Condiciones de acceso y utilizaci\u00f3n<\/a><\/h4>\t\t\t\t<\/div>\n\t\t\t\t<div class=\"elementor-element elementor-element-512d75b8 elementor-widget elementor-widget-text-editor\" data-id=\"512d75b8\" data-element_type=\"widget\" data-e-type=\"widget\" data-widget_type=\"text-editor.default\">\n\t\t\t\t\t\t\t\t\t<ol><li style=\"list-style-type: none;\"><ol><li style=\"list-style-type: none;\"><p>El sitio web y sus servicios son de acceso libre, no obstante, <strong>VESTIGIUM SCP<\/strong> condiciona la utilizaci\u00f3n de algunos de los servicios ofrecidos en su web a la previa cumplimentaci\u00f3n del correspondiente formulario.<\/p><p>Usted garantiza la autenticidad y actualidad de todos aquellos datos que comunique a <strong>VESTIGIUM SCP<\/strong> y ser\u00e1 el \u00fanico responsable de las manifestaciones falsas o inexactas que realice.<\/p><p>Usted se compromete expresamente a hacer un uso adecuado de los contenidos y servicios de EL <strong>VESTIGIUM SCP<\/strong> y a no emplearlos para, entre otros:<\/p><ol><li style=\"list-style-type: none;\"><ol><li style=\"list-style-type: none;\"><ul><li>Difundir contenidos, delictivos, violentos, pornogr\u00e1ficos, racistas, xen\u00f3fobo, ofensivos, de apolog\u00eda del terrorismo o, en general, contrarios a la ley o al orden p\u00fablico.<\/li><li>Introducir en la red virus inform\u00e1ticos o realizar actuaciones susceptibles de alterar, estropear, interrumpir o generar errores o da\u00f1os en los documentos electr\u00f3nicos, datos o sistemas f\u00edsicos y l\u00f3gicos de <strong>VESTIGIUM SCP<\/strong> o de terceras personas; as\u00ed como obstaculizar el acceso de otros usuarios al sitio web y a sus servicios mediante el consumo masivo de los recursos inform\u00e1ticos a trav\u00e9s de los cuales <strong>VESTIGIUM SCP<\/strong> presta sus servicios.<\/li><li>Intentar acceder datos de otros personas o a \u00e1reas restringidas de los sistemas inform\u00e1ticos de <strong>VESTIGIUM SCP<\/strong> o de terceros y, en su caso, extraer informaci\u00f3n.<\/li><li>Vulnerar los derechos de propiedad intelectual o industrial, as\u00ed como violar la confidencialidad de la informaci\u00f3n de <strong>VESTIGIUM SCP<\/strong> o de terceros.<\/li><li>Suplantar la identidad de otro usuario, de las administraciones p\u00fablicas o de un tercero.<\/li><li>Reproducir, copiar, distribuir, poner a disposici\u00f3n o de cualquier otra forma comunicar p\u00fablicamente, transformar o modificar los contenidos, a menos que se cuente con la autorizaci\u00f3n del titular de los correspondientes derechos o ello resulte legalmente permitido.<\/li><li>Recabar datos con finalidad publicitaria y de remitir publicidad de cualquier clase y comunicaciones con fines de venta u otras de naturaleza comercial sin que medie su previa solicitud o consentimiento.<\/li><\/ul><\/li><\/ol><\/li><\/ol><p>Todos los contenidos del sitio web, como textos, fotograf\u00edas, gr\u00e1ficos, im\u00e1genes, iconos, tecnolog\u00eda, software, as\u00ed como su dise\u00f1o gr\u00e1fico y c\u00f3digos fuente, constituyen una obra cuya propiedad pertenece a <strong>VESTIGIUM SCP<\/strong>, sin que puedan entenderse como cedidos ninguno de los derechos de explotaci\u00f3n sobre los mismos m\u00e1s all\u00e1 de lo estrictamente necesario para el correcto uso de la web.<\/p><p>En definitiva, usted que accede a este sitio web, puede visualizar los contenidos y efectuar, en su caso, copias privadas autorizadas siempre que los elementos reproducidos no sean cedidos posteriormente a terceros, ni se instalen a servidores conectados a redes, ni sean objeto de ning\u00fan tipo de explotaci\u00f3n.<\/p><p>Asimismo, todas las marcas, nombres comerciales o signos distintivos de cualquier clase que aparecen en el sitio web son propiedad de <strong>VESTIGIUM SCP<\/strong>, sin que pueda entenderse que el uso o acceso al mismo le atribuya derecho alguno sobre los mismos.<\/p><p>La distribuci\u00f3n, modificaci\u00f3n, cesi\u00f3n o comunicaci\u00f3n p\u00fablica de los contenidos y cualquier otro acto que no haya sido expresamente autorizado por el titular de los derechos de explotaci\u00f3n quedan prohibidos.<\/p><p>El establecimiento de un hiperenlace no implica en ning\u00fan caso la existencia de relaciones entre <strong>VESTIGIUM SCP<\/strong> y el propietario del sitio web en la que se establezca, ni la aceptaci\u00f3n y aprobaci\u00f3n por parte de <strong>VESTIGIUM SCP<\/strong> de sus contenidos o servicios. Aquellas personas que se propongan establecer un hiperenlace previamente deber\u00e1n solicitar autorizaci\u00f3n por escrito a <strong>VESTIGIUM SCP<\/strong>. En todo caso, el hiperenlace \u00fanicamente permitir\u00e1 el acceso a la home-page o p\u00e1gina de inicio de nuestro sitio web, asimismo deber\u00e1 abstenerse de realizar manifestaciones o indicaciones falsas, inexactas o incorrectas sobre VESTIGIUM SCP, o incluir contenidos il\u00edcitos, contrarios a las buenas costumbres y al orden p\u00fablico.<\/p><p><strong>VESTIGIUM SCP<\/strong> no se responsabiliza del uso que cada usuario le d\u00e9 a los materiales puestos a disposici\u00f3n en este sitio web ni de las actuaciones que realice en base a los mismos.<\/p><\/li><\/ol><\/li><\/ol>\t\t\t\t\t\t\t\t<\/div>\n\t\t\t\t<div class=\"elementor-element elementor-element-6d879f16 elementor-widget elementor-widget-heading\" data-id=\"6d879f16\" data-element_type=\"widget\" data-e-type=\"widget\" data-widget_type=\"heading.default\">\n\t\t\t\t\t<h4 class=\"elementor-heading-title elementor-size-default\"><a href=\"\">4. Exclusi\u00f3n de garant\u00edas y de responsabilidad<\/a><\/h4>\t\t\t\t<\/div>\n\t\t\t\t<div class=\"elementor-element elementor-element-a739502 elementor-widget elementor-widget-text-editor\" data-id=\"a739502\" data-element_type=\"widget\" data-e-type=\"widget\" data-widget_type=\"text-editor.default\">\n\t\t\t\t\t\t\t\t\t<ol><li style=\"list-style-type: none;\"><ol><li style=\"list-style-type: none;\"><p><strong>VESTIGIUM SCP<\/strong> excluye, hasta donde permite el ordenamiento jur\u00eddico, cualquier responsabilidad por los da\u00f1os y perjuicios de toda naturaleza derivados de:<\/p><ul><li>La imposibilidad de acceso al sitio web o la falta de veracidad, exactitud, exhaustividad y\/o actualidad de los contenidos, as\u00ed como la existencia de vicios y defectos de toda clase de los contenidos transmitidos, difundidos, almacenados, puestos a disposici\u00f3n a los que se haya accedido a trav\u00e9s del sitio web o de los servicios que se ofrecen.<\/li><li>La presencia de virus o de otros elementos en los contenidos que puedan producir alteraciones en los sistemas inform\u00e1ticos, documentos electr\u00f3nicos o datos de los usuarios.<\/li><li>El incumplimiento de las leyes, la buena fe, el orden p\u00fablico, los usos del tr\u00e1fico y el presente aviso legal como consecuencia del uso incorrecto del sitio web. En particular, y a modo ejemplificativo, <strong>VESTIGIUM SCP<\/strong> no se hace responsable de las actuaciones de terceros que vulneren derechos de propiedad intelectual e industrial, secretos empresariales, derechos al honor, a la intimidad personal y familiar y a la propia imagen, as\u00ed como la normativa en materia de competencia desleal y publicidad il\u00edcita.<\/li><\/ul><p>Asimismo, <strong>VESTIGIUM SCP<\/strong> declina cualquier responsabilidad respecto a la informaci\u00f3n que se halle fuera de esta web y no sea gestionada directamente por nuestro webmaster. La funci\u00f3n de los links que aparecen en esta web es exclusivamente la de informar al usuario sobre la existencia de otras fuentes susceptibles de ampliar los contenidos que ofrece este sitio web. <strong>VESTIGIUM SCP<\/strong> no garantiza ni se responsabiliza del funcionamiento o accesibilidad de los sitios enlazados; ni sugiere, invita o recomienda la visita a los mismos, por lo que tampoco ser\u00e1 responsable del resultado obtenido. <strong>VESTIGIUM SCP<\/strong> no se responsabiliza del establecimiento de hiperv\u00ednculos por parte de terceros.<\/p><\/li><\/ol><\/li><\/ol>\t\t\t\t\t\t\t\t<\/div>\n\t\t\t\t<div class=\"elementor-element elementor-element-1fa42156 elementor-widget elementor-widget-heading\" data-id=\"1fa42156\" data-element_type=\"widget\" data-e-type=\"widget\" data-widget_type=\"heading.default\">\n\t\t\t\t\t<h4 class=\"elementor-heading-title elementor-size-default\"><a href=\"\">5. Procedimiento en caso de realizaci\u00f3n de actividades de car\u00e1cter il\u00edcito<\/a><\/h4>\t\t\t\t<\/div>\n\t\t\t\t<div class=\"elementor-element elementor-element-67a3e153 elementor-widget elementor-widget-text-editor\" data-id=\"67a3e153\" data-element_type=\"widget\" data-e-type=\"widget\" data-widget_type=\"text-editor.default\">\n\t\t\t\t\t\t\t\t\t<ol><li style=\"list-style-type: none;\"><ol><li style=\"list-style-type: none;\"><p>En el caso de que usted o un tercero considere que existen hechos o circunstancias que revelen el car\u00e1cter il\u00edcito de la utilizaci\u00f3n de cualquier contenido y\/o de la realizaci\u00f3n de cualquier actividad en las p\u00e1ginas web incluidas o accesibles a trav\u00e9s del sitio web, deber\u00e1 ponerse en contacto con <strong>VESTIGIUM SCP<\/strong> identific\u00e1ndose debidamente, especificando las supuestas infracciones y declarando expresamente y bajo su responsabilidad que la informaci\u00f3n proporcionada en la notificaci\u00f3n es exacta.<\/p><p>Para toda cuesti\u00f3n litigiosa que incumba al sitio web de <strong>VESTIGIUM SCP<\/strong>, ser\u00e1 de aplicaci\u00f3n la legislaci\u00f3n espa\u00f1ola, siendo competentes los Juzgados y Tribunales m\u00e1s cercanos a la sede de (Espa\u00f1a).<\/p><\/li><\/ol><\/li><\/ol>\t\t\t\t\t\t\t\t<\/div>\n\t\t\t\t<div class=\"elementor-element elementor-element-58edafef elementor-widget elementor-widget-heading\" data-id=\"58edafef\" data-element_type=\"widget\" data-e-type=\"widget\" data-widget_type=\"heading.default\">\n\t\t\t\t\t<h4 class=\"elementor-heading-title elementor-size-default\"><a href=\"\">6. Publicaciones<\/a><\/h4>\t\t\t\t<\/div>\n\t\t\t\t<div class=\"elementor-element elementor-element-526b12f elementor-widget elementor-widget-text-editor\" data-id=\"526b12f\" data-element_type=\"widget\" data-e-type=\"widget\" data-widget_type=\"text-editor.default\">\n\t\t\t\t\t\t\t\t\t<ol><li style=\"list-style-type: none;\"><ol><li style=\"list-style-type: none;\"><p>La informaci\u00f3n administrativa facilitada a trav\u00e9s del sitio web no sustituye la publicidad legal de las leyes, normativas, planes, disposiciones generales y actos que tengan que ser publicados formalmente a los diarios oficiales de las administraciones p\u00fablicas, que constituyen el \u00fanico instrumento que da fe de su autenticidad y contenido. La informaci\u00f3n disponible en este sitio web debe entenderse como una gu\u00eda sin prop\u00f3sito de validez legal.<\/p><\/li><\/ol><\/li><\/ol>\t\t\t\t\t\t\t\t<\/div>\n\t\t\t\t<div class=\"elementor-element elementor-element-1545050 elementor-widget elementor-widget-spacer\" data-id=\"1545050\" data-element_type=\"widget\" data-e-type=\"widget\" data-widget_type=\"spacer.default\">\n\t\t\t\t\t\t\t<div class=\"elementor-spacer\">\n\t\t\t<div class=\"elementor-spacer-inner\"><\/div>\n\t\t<\/div>\n\t\t\t\t\t\t<\/div>\n\t\t\t\t\t<\/div>\n\t\t<\/div>\n\t\t\t\t\t<\/div>\n\t\t<\/section>\n\t\t\t\t<\/div>","protected":false},"excerpt":{"rendered":"<p>AVISO LEGAL VESTIGIUM SCP AVISO LEGAL 1. Objeto y aceptaci\u00f3n El presente aviso legal regula el uso de nuestro sitio web, del que es titular VESTIGIUM SCP . La navegaci\u00f3n por el sitio web de VESTIGIUM SCP atribuye la condici\u00f3n de usuario del mismo e implica la aceptaci\u00f3n plena y sin reservas de todas y [&hellip;]<\/p>\n","protected":false},"author":1,"featured_media":0,"parent":0,"menu_order":0,"comment_status":"closed","ping_status":"closed","template":"","meta":{"_acf_changed":false,"footnotes":""},"class_list":["post-171","page","type-page","status-publish","hentry"],"acf":[],"yoast_head":"<!-- This site is optimized with the Yoast SEO plugin v27.5 - https:\/\/yoast.com\/product\/yoast-seo-wordpress\/ -->\n<title>AVISO LEGAL - Vestigium<\/title>\n<meta name=\"robots\" content=\"index, follow, max-snippet:-1, max-image-preview:large, max-video-preview:-1\" \/>\n<link rel=\"canonical\" href=\"https:\/\/www.vestigiumapps.com\/ca\/es\/aviso-legal\/\" \/>\n<meta property=\"og:locale\" content=\"ca_ES\" \/>\n<meta property=\"og:type\" content=\"article\" \/>\n<meta property=\"og:title\" content=\"AVISO LEGAL - Vestigium\" \/>\n<meta property=\"og:description\" content=\"AVISO LEGAL VESTIGIUM SCP AVISO LEGAL 1. Objeto y aceptaci\u00f3n El presente aviso legal regula el uso de nuestro sitio web, del que es titular VESTIGIUM SCP . La navegaci\u00f3n por el sitio web de VESTIGIUM SCP atribuye la condici\u00f3n de usuario del mismo e implica la aceptaci\u00f3n plena y sin reservas de todas y [&hellip;]\" \/>\n<meta property=\"og:url\" content=\"https:\/\/www.vestigiumapps.com\/ca\/es\/aviso-legal\/\" \/>\n<meta property=\"og:site_name\" content=\"Vestigium\" \/>\n<meta property=\"article:modified_time\" content=\"2022-10-26T06:47:22+00:00\" \/>\n<meta name=\"twitter:card\" content=\"summary_large_image\" \/>\n<meta name=\"twitter:label1\" content=\"Temps estimat de lectura\" \/>\n\t<meta name=\"twitter:data1\" content=\"7 minuts\" \/>\n<script type=\"application\/ld+json\" class=\"yoast-schema-graph\">{\"@context\":\"https:\\\/\\\/schema.org\",\"@graph\":[{\"@type\":\"WebPage\",\"@id\":\"https:\\\/\\\/www.vestigiumapps.com\\\/es\\\/aviso-legal\\\/\",\"url\":\"https:\\\/\\\/www.vestigiumapps.com\\\/es\\\/aviso-legal\\\/\",\"name\":\"AVISO LEGAL - Vestigium\",\"isPartOf\":{\"@id\":\"https:\\\/\\\/www.vestigiumapps.com\\\/#website\"},\"datePublished\":\"2019-11-15T09:50:28+00:00\",\"dateModified\":\"2022-10-26T06:47:22+00:00\",\"breadcrumb\":{\"@id\":\"https:\\\/\\\/www.vestigiumapps.com\\\/es\\\/aviso-legal\\\/#breadcrumb\"},\"inLanguage\":\"ca\",\"potentialAction\":[{\"@type\":\"ReadAction\",\"target\":[\"https:\\\/\\\/www.vestigiumapps.com\\\/es\\\/aviso-legal\\\/\"]}]},{\"@type\":\"BreadcrumbList\",\"@id\":\"https:\\\/\\\/www.vestigiumapps.com\\\/es\\\/aviso-legal\\\/#breadcrumb\",\"itemListElement\":[{\"@type\":\"ListItem\",\"position\":1,\"name\":\"Portada\",\"item\":\"https:\\\/\\\/www.vestigiumapps.com\\\/\"},{\"@type\":\"ListItem\",\"position\":2,\"name\":\"AVISO LEGAL\"}]},{\"@type\":\"WebSite\",\"@id\":\"https:\\\/\\\/www.vestigiumapps.com\\\/#website\",\"url\":\"https:\\\/\\\/www.vestigiumapps.com\\\/\",\"name\":\"Vestigium\",\"description\":\"Servei de desenvolupament amb un assessorament complet\",\"potentialAction\":[{\"@type\":\"SearchAction\",\"target\":{\"@type\":\"EntryPoint\",\"urlTemplate\":\"https:\\\/\\\/www.vestigiumapps.com\\\/?s={search_term_string}\"},\"query-input\":{\"@type\":\"PropertyValueSpecification\",\"valueRequired\":true,\"valueName\":\"search_term_string\"}}],\"inLanguage\":\"ca\"}]}<\/script>\n<!-- \/ Yoast SEO plugin. -->","yoast_head_json":{"title":"AVISO LEGAL - Vestigium","robots":{"index":"index","follow":"follow","max-snippet":"max-snippet:-1","max-image-preview":"max-image-preview:large","max-video-preview":"max-video-preview:-1"},"canonical":"https:\/\/www.vestigiumapps.com\/ca\/es\/aviso-legal\/","og_locale":"ca_ES","og_type":"article","og_title":"AVISO LEGAL - Vestigium","og_description":"AVISO LEGAL VESTIGIUM SCP AVISO LEGAL 1. Objeto y aceptaci\u00f3n El presente aviso legal regula el uso de nuestro sitio web, del que es titular VESTIGIUM SCP . La navegaci\u00f3n por el sitio web de VESTIGIUM SCP atribuye la condici\u00f3n de usuario del mismo e implica la aceptaci\u00f3n plena y sin reservas de todas y [&hellip;]","og_url":"https:\/\/www.vestigiumapps.com\/ca\/es\/aviso-legal\/","og_site_name":"Vestigium","article_modified_time":"2022-10-26T06:47:22+00:00","twitter_card":"summary_large_image","twitter_misc":{"Temps estimat de lectura":"7 minuts"},"schema":{"@context":"https:\/\/schema.org","@graph":[{"@type":"WebPage","@id":"https:\/\/www.vestigiumapps.com\/es\/aviso-legal\/","url":"https:\/\/www.vestigiumapps.com\/es\/aviso-legal\/","name":"AVISO LEGAL - Vestigium","isPartOf":{"@id":"https:\/\/www.vestigiumapps.com\/#website"},"datePublished":"2019-11-15T09:50:28+00:00","dateModified":"2022-10-26T06:47:22+00:00","breadcrumb":{"@id":"https:\/\/www.vestigiumapps.com\/es\/aviso-legal\/#breadcrumb"},"inLanguage":"ca","potentialAction":[{"@type":"ReadAction","target":["https:\/\/www.vestigiumapps.com\/es\/aviso-legal\/"]}]},{"@type":"BreadcrumbList","@id":"https:\/\/www.vestigiumapps.com\/es\/aviso-legal\/#breadcrumb","itemListElement":[{"@type":"ListItem","position":1,"name":"Portada","item":"https:\/\/www.vestigiumapps.com\/"},{"@type":"ListItem","position":2,"name":"AVISO LEGAL"}]},{"@type":"WebSite","@id":"https:\/\/www.vestigiumapps.com\/#website","url":"https:\/\/www.vestigiumapps.com\/","name":"Vestigium","description":"Servei de desenvolupament amb un assessorament complet","potentialAction":[{"@type":"SearchAction","target":{"@type":"EntryPoint","urlTemplate":"https:\/\/www.vestigiumapps.com\/?s={search_term_string}"},"query-input":{"@type":"PropertyValueSpecification","valueRequired":true,"valueName":"search_term_string"}}],"inLanguage":"ca"}]}},"_links":{"self":[{"href":"https:\/\/www.vestigiumapps.com\/ca\/wp-json\/wp\/v2\/pages\/171","targetHints":{"allow":["GET"]}}],"collection":[{"href":"https:\/\/www.vestigiumapps.com\/ca\/wp-json\/wp\/v2\/pages"}],"about":[{"href":"https:\/\/www.vestigiumapps.com\/ca\/wp-json\/wp\/v2\/types\/page"}],"author":[{"embeddable":true,"href":"https:\/\/www.vestigiumapps.com\/ca\/wp-json\/wp\/v2\/users\/1"}],"replies":[{"embeddable":true,"href":"https:\/\/www.vestigiumapps.com\/ca\/wp-json\/wp\/v2\/comments?post=171"}],"version-history":[{"count":6,"href":"https:\/\/www.vestigiumapps.com\/ca\/wp-json\/wp\/v2\/pages\/171\/revisions"}],"predecessor-version":[{"id":1294,"href":"https:\/\/www.vestigiumapps.com\/ca\/wp-json\/wp\/v2\/pages\/171\/revisions\/1294"}],"wp:attachment":[{"href":"https:\/\/www.vestigiumapps.com\/ca\/wp-json\/wp\/v2\/media?parent=171"}],"curies":[{"name":"wp","href":"https:\/\/api.w.org\/{rel}","templated":true}]}}