{"id":1140,"date":"2020-10-28T09:30:09","date_gmt":"2020-10-28T08:30:09","guid":{"rendered":"https:\/\/www.vestigiumapps.com\/?page_id=1140"},"modified":"2020-10-28T09:37:31","modified_gmt":"2020-10-28T08:37:31","slug":"politica-de-privacidad-2","status":"publish","type":"page","link":"https:\/\/www.vestigiumapps.com\/ca\/politica-de-privacidad-2\/","title":{"rendered":"Politica de Privacidad"},"content":{"rendered":"<div data-elementor-type=\"wp-page\" data-elementor-id=\"1140\" class=\"elementor elementor-1140\" data-elementor-settings=\"{&quot;ha_cmc_init_switcher&quot;:&quot;no&quot;}\" data-elementor-post-type=\"page\">\n\t\t\t\t\t\t<section class=\"elementor-section elementor-top-section elementor-element elementor-element-a7a6e01 elementor-section-boxed elementor-section-height-default elementor-section-height-default\" data-id=\"a7a6e01\" data-element_type=\"section\" data-e-type=\"section\" data-settings=\"{&quot;jet_parallax_layout_list&quot;:[],&quot;_ha_eqh_enable&quot;:false}\">\n\t\t\t\t\t\t<div class=\"elementor-container elementor-column-gap-default\">\n\t\t\t\t\t<div class=\"elementor-column elementor-col-100 elementor-top-column elementor-element elementor-element-4df50bc\" data-id=\"4df50bc\" data-element_type=\"column\" data-e-type=\"column\">\n\t\t\t<div class=\"elementor-widget-wrap elementor-element-populated\">\n\t\t\t\t\t\t<div class=\"elementor-element elementor-element-92ba9cb elementor-widget elementor-widget-spacer\" data-id=\"92ba9cb\" data-element_type=\"widget\" data-e-type=\"widget\" data-widget_type=\"spacer.default\">\n\t\t\t\t\t\t\t<div class=\"elementor-spacer\">\n\t\t\t<div class=\"elementor-spacer-inner\"><\/div>\n\t\t<\/div>\n\t\t\t\t\t\t<\/div>\n\t\t\t\t<div class=\"elementor-element elementor-element-60212f0 elementor-widget elementor-widget-heading\" data-id=\"60212f0\" data-element_type=\"widget\" data-e-type=\"widget\" data-widget_type=\"heading.default\">\n\t\t\t\t\t<h1 class=\"elementor-heading-title elementor-size-default\">Pol\u00edtica de Privacidad<\/h1>\t\t\t\t<\/div>\n\t\t\t\t<div class=\"elementor-element elementor-element-fbe8719 elementor-widget elementor-widget-heading\" data-id=\"fbe8719\" data-element_type=\"widget\" data-e-type=\"widget\" data-widget_type=\"heading.default\">\n\t\t\t\t\t<h2 class=\"elementor-heading-title elementor-size-default\">VESTIGIUM SCP<\/h2>\t\t\t\t<\/div>\n\t\t\t\t<div class=\"elementor-element elementor-element-6d711f5 elementor-widget-divider--view-line elementor-widget elementor-widget-divider\" data-id=\"6d711f5\" data-element_type=\"widget\" data-e-type=\"widget\" data-widget_type=\"divider.default\">\n\t\t\t\t\t\t\t<div class=\"elementor-divider\">\n\t\t\t<span class=\"elementor-divider-separator\">\n\t\t\t\t\t\t<\/span>\n\t\t<\/div>\n\t\t\t\t\t\t<\/div>\n\t\t\t\t<div class=\"elementor-element elementor-element-f71a177 elementor-widget elementor-widget-heading\" data-id=\"f71a177\" data-element_type=\"widget\" data-e-type=\"widget\" data-widget_type=\"heading.default\">\n\t\t\t\t\t<h3 class=\"elementor-heading-title elementor-size-default\">Informaci\u00f3n sobre Protecci\u00f3n de Datos<\/h3>\t\t\t\t<\/div>\n\t\t\t\t<div class=\"elementor-element elementor-element-debccfa elementor-widget elementor-widget-heading\" data-id=\"debccfa\" data-element_type=\"widget\" data-e-type=\"widget\" data-widget_type=\"heading.default\">\n\t\t\t\t\t<h4 class=\"elementor-heading-title elementor-size-default\"><a href=\"\">1. Datos relativos al Responsable<\/a><\/h4>\t\t\t\t<\/div>\n\t\t\t\t<div class=\"elementor-element elementor-element-9f3e14d elementor-widget elementor-widget-heading\" data-id=\"9f3e14d\" data-element_type=\"widget\" data-e-type=\"widget\" data-widget_type=\"heading.default\">\n\t\t\t\t\t<h5 class=\"elementor-heading-title elementor-size-default\"><a href=\"\">\u00a0 \u00a0 \u00a0 \u00a0 \u00a0 Responsable Tratamiento<\/a><\/h5>\t\t\t\t<\/div>\n\t\t\t\t<div class=\"elementor-element elementor-element-35e3e5d elementor-widget elementor-widget-text-editor\" data-id=\"35e3e5d\" data-element_type=\"widget\" data-e-type=\"widget\" data-widget_type=\"text-editor.default\">\n\t\t\t\t\t\t\t\t\t<ol>\n \t<li style=\"list-style-type: none;\">\n<ol>\u00a0\u00a0&#8211; Entidad: VESTIGIUM SCP<\/ol>\n<\/li>\n<\/ol>\n<ol>\n \t<li style=\"list-style-type: none;\">\n<ol>\u00a0\u00a0&#8211; CIF de la entidad: J25854118<\/ol>\n<\/li>\n<\/ol>\n<ol>\n \t<li style=\"list-style-type: none;\">\n<ol>\u00a0\u00a0&#8211; Direccion de la entidad: COMPLEX CAPARRELLA EDIFICI CEEI LLEIDA MODUL 2.1 &#8211; (25192) LLEIDA<\/ol>\n<\/li>\n<\/ol>\n<ol>\n \t<li style=\"list-style-type: none;\">\n<ol>\u00a0\u00a0&#8211; Email de la entidad: CONTACT@VESTIGIUMAPPS.COM<\/ol>\n<\/li>\n<\/ol>\n<ol>\n \t<li style=\"list-style-type: none;\">\n<ol>\u00a0\u00a0&#8211; Responsable del tratamiento : ROBERT SANCHEZ MAJOS<\/ol>\n<\/li>\n<\/ol>\n<ol>\n \t<li style=\"list-style-type: none;\">\n<ol>\u00a0\u00a0&#8211; Tel\u00e9fono del Responsable del tratamiento : 682884050<\/ol>\n<\/li>\n<\/ol>\n<ol>\n \t<li style=\"list-style-type: none;\">\n<ol>\u00a0\u00a0&#8211; Direcci\u00f3n email del Responsable del tratamiento : CONTACT@VESTIGIUMAPPS.COM<\/ol>\n<\/li>\n<\/ol>\t\t\t\t\t\t\t\t<\/div>\n\t\t\t\t<div class=\"elementor-element elementor-element-315e38d elementor-widget elementor-widget-heading\" data-id=\"315e38d\" data-element_type=\"widget\" data-e-type=\"widget\" data-widget_type=\"heading.default\">\n\t\t\t\t\t<h4 class=\"elementor-heading-title elementor-size-default\"><a href=\"\">2. Finalidades<\/a><\/h4>\t\t\t\t<\/div>\n\t\t\t\t<div class=\"elementor-element elementor-element-c36f1d2 elementor-widget elementor-widget-text-editor\" data-id=\"c36f1d2\" data-element_type=\"widget\" data-e-type=\"widget\" data-widget_type=\"text-editor.default\">\n\t\t\t\t\t\t\t\t\t<ul><li style=\"list-style-type: none;\">En cumplimiento de lo dispuesto en el Reglamento Europeo 2016\/679 General de Protecci\u00f3n de Datos y la Ley Org\u00e1nica 3\/2018 de Protecci\u00f3n de Datos Personales y Garant\u00eda de Derechos Digitales, le informamos de que, dependiendo de la relaci\u00f3n que tenga con nosotros, en<\/li><li style=\"list-style-type: none;\"><p><strong style=\"font-size: 1rem;\">VESTIGIUM SCP\u00a0<\/strong><span style=\"font-size: 1rem;\">tratamos los datos que nos facilita para alguna, o todas, las siguientes finalidades:<\/span><span style=\"font-size: 1rem;\"><br \/><\/span><\/p><\/li><\/ul><ol><li style=\"list-style-type: none;\"><ul><li>Archivo\/historial de trabajadores y extrabajadores de la empresa<\/li><li>Compra\/venta de bienes y servicios.<\/li><li>Compra\/venta de material<\/li><li>Coordinaci\u00f3n de actividades empresariales<\/li><li>Creaci\u00f3n de contratos, confecci\u00f3n de n\u00f3minas y otras tareas relacionadas<\/li><li>Env\u00edo de informaci\u00f3n por correo electr\u00f3nico sobre actuaciones y servicios de la empresa.<\/li><li>Formaci\u00f3n<\/li><li>Gesti\u00f3n contable, administrativa, de facturaci\u00f3n y gesti\u00f3n de cobros.<\/li><li>Gesti\u00f3n contable, administrativa, de facturaci\u00f3n, de cobros y pagos<\/li><li>Mantenimiento de la relaci\u00f3n laboral y contra-prestaci\u00f3n por los trabajos realizados<\/li><li>Prestarles un servicio<\/li><li>Realizaci\u00f3n de compra mediante tienda virtual en p\u00e1gina web\/plataforma.<\/li><li>Recepci\u00f3n de la prestaci\u00f3n de un servicio<\/li><li>Servicio postventa y fidelizaci\u00f3n<\/li><li>Tramitaci\u00f3n de altas y bajas por enfermedad com\u00fan o accidente laboral<\/li><li>Tratamiento de datos para cursos y formaciones<\/li><\/ul><\/li><\/ol>\t\t\t\t\t\t\t\t<\/div>\n\t\t\t\t<div class=\"elementor-element elementor-element-a2baf92 elementor-widget elementor-widget-heading\" data-id=\"a2baf92\" data-element_type=\"widget\" data-e-type=\"widget\" data-widget_type=\"heading.default\">\n\t\t\t\t\t<h4 class=\"elementor-heading-title elementor-size-default\"><a href=\"\">3. Plazo de conservaci\u00f3n de los datos<\/a><\/h4>\t\t\t\t<\/div>\n\t\t\t\t<div class=\"elementor-element elementor-element-606efde elementor-widget elementor-widget-text-editor\" data-id=\"606efde\" data-element_type=\"widget\" data-e-type=\"widget\" data-widget_type=\"text-editor.default\">\n\t\t\t\t\t\t\t\t\t<ol>\n \t<li style=\"list-style-type: none;\">\n<ol>\n \t<li style=\"list-style-type: none;\">Sus datos ser\u00e1n conservados mientras dure la relaci\u00f3n contractual, comercial o de otro tipo con nuestra entidad, solicite su supresi\u00f3n, as\u00ed como el tiempo necesario para cumplir las obligaciones legales.<\/li>\n<\/ol>\n<\/li>\n<\/ol>\t\t\t\t\t\t\t\t<\/div>\n\t\t\t\t<div class=\"elementor-element elementor-element-d01e661 elementor-widget elementor-widget-heading\" data-id=\"d01e661\" data-element_type=\"widget\" data-e-type=\"widget\" data-widget_type=\"heading.default\">\n\t\t\t\t\t<h4 class=\"elementor-heading-title elementor-size-default\"><a href=\"\">4. Legitimaci\u00f3n<\/a><\/h4>\t\t\t\t<\/div>\n\t\t\t\t<div class=\"elementor-element elementor-element-7b7296e elementor-widget elementor-widget-text-editor\" data-id=\"7b7296e\" data-element_type=\"widget\" data-e-type=\"widget\" data-widget_type=\"text-editor.default\">\n\t\t\t\t\t\t\t\t\t<ol>\n \t<li style=\"list-style-type: none;\">\n<ol>\n \t<li style=\"list-style-type: none;\">La base legal para el tratamiento de tus datos radica por:\n<ol>\n \t<li style=\"list-style-type: none;\">\n<ul>\n \t<li>Consentimiento inequ\u00edvoco<\/li>\n \t<li>Ejecuci\u00f3n de un contrato<\/li>\n<\/ul>\n<\/li>\n<\/ol>\n<\/li>\n<\/ol>\n<\/li>\n<\/ol>\t\t\t\t\t\t\t\t<\/div>\n\t\t\t\t<div class=\"elementor-element elementor-element-1d1c96b elementor-widget elementor-widget-heading\" data-id=\"1d1c96b\" data-element_type=\"widget\" data-e-type=\"widget\" data-widget_type=\"heading.default\">\n\t\t\t\t\t<h4 class=\"elementor-heading-title elementor-size-default\"><a href=\"\">5. Destinatarios<\/a><\/h4>\t\t\t\t<\/div>\n\t\t\t\t<div class=\"elementor-element elementor-element-35a9298 elementor-widget elementor-widget-text-editor\" data-id=\"35a9298\" data-element_type=\"widget\" data-e-type=\"widget\" data-widget_type=\"text-editor.default\">\n\t\t\t\t\t\t\t\t\t<ol>\n \t<li style=\"list-style-type: none;\">\n<ol>\n \t<li style=\"list-style-type: none;\">Sus datos personales ser\u00e1n comunicados a terceros en los siguientes supuestos:\n<ol>\n \t<li style=\"list-style-type: none;\">\n<ul>\n \t<li>Administraci\u00f3n tributaria<\/li>\n \t<li>Bancos y entidades financieras<\/li>\n \t<li>Entidades de Consultor\u00eda\/Auditor\u00eda<\/li>\n \t<li>Entidades inform\u00e1ticas de mantenimiento de software y hardware<\/li>\n \t<li>Gestor\u00eda\/Asesor\u00eda<\/li>\n \t<li>Seguridad social<\/li>\n \t<li>Servicio de Prevenci\u00f3n de Riesgos Laborales<\/li>\n<\/ul>\n<\/li>\n<\/ol>\n<\/li>\n<\/ol>\n<\/li>\n<\/ol>\t\t\t\t\t\t\t\t<\/div>\n\t\t\t\t<div class=\"elementor-element elementor-element-0ba901c elementor-widget elementor-widget-heading\" data-id=\"0ba901c\" data-element_type=\"widget\" data-e-type=\"widget\" data-widget_type=\"heading.default\">\n\t\t\t\t\t<h4 class=\"elementor-heading-title elementor-size-default\"><a href=\"\">6. Derechos<\/a><\/h4>\t\t\t\t<\/div>\n\t\t\t\t<div class=\"elementor-element elementor-element-0ea52ab elementor-widget elementor-widget-text-editor\" data-id=\"0ea52ab\" data-element_type=\"widget\" data-e-type=\"widget\" data-widget_type=\"text-editor.default\">\n\t\t\t\t\t\t\t\t\t<ol><li style=\"list-style-type: none;\"><ol><li style=\"list-style-type: none;\">Tiene derecho a obtener confirmaci\u00f3n sobre si en <strong>VESTIGIUM SCP<\/strong> estamos tratando datos personales que le conciernan, o no.<p>Asimismo, tiene derecho de acceso a sus datos personales, as\u00ed como a solicitar la <em>rectificaci\u00f3n<\/em> de los datos inexactos o, en su caso, solicitar su <em>supresi\u00f3n<\/em> cuando, entre otros motivos, los datos ya no sean necesarios para los fines que fueron recogidos.<\/p><p>En determinadas circunstancias, podr\u00e1 solicitar la <em>limitaci\u00f3n del tratamiento<\/em> de sus datos, en cuyo caso \u00fanicamente los conservaremos para el ejercicio o la defensa de reclamaciones.<\/p><p>Adicionalmente, en determinadas circunstancias y por motivos relacionados con tu situaci\u00f3n particular, podr\u00e1 ejercer el derecho de <em>oposici\u00f3n<\/em> al tratamiento de sus datos. <strong>VESTIGIUM SCP<\/strong> dejar\u00e1 de tratar los datos, salvo por motivos leg\u00edtimos imperiosos, o el ejercicio o la defensa de posibles reclamaciones.<\/p><p>Asimismo, puede ejercer el derecho a la <em>portabilidad<\/em> de los datos, as\u00ed como retirar los consentimientos facilitados en cualquier momento, sin que ello afecte a la licitud del tratamiento basado en el consentimiento previo a su retirada.<\/p><p>Si desea hacer uso de cualquiera de tus derechos puede realizarlos a trav\u00e9s de los enlaces habilitados que encontrar\u00e1 a continuaci\u00f3n:<\/p><ol><li style=\"list-style-type: none;\"><ol><li style=\"list-style-type: none;\"><ul><li>Para ejercer su derecho de <strong>Acceso<\/strong> haga clic <a href=\"https:\/\/intranet.milopd.com\/webApp\/clientes_derechos\/derechos-formulario.php?id_cliente=WEg4UkM5ZVk4UWdTdzlyWWM4TldEUT09\" target=\"_blank\" rel=\"noopener\">aqu\u00ed<\/a><\/li><li>Para ejercer su derecho de <strong>Rectificaci\u00f3n<\/strong> haga clic <a href=\"https:\/\/intranet.milopd.com\/webApp\/clientes_derechos\/derechos-formulario.php?id_cliente=WEg4UkM5ZVk4UWdTdzlyWWM4TldEUT09\" target=\"_blank\" rel=\"noopener\">aqu\u00ed<\/a><\/li><li>Para ejercer su derecho de <strong>Supresi\u00f3n (Olvido)<\/strong> haga clic <a href=\"https:\/\/intranet.milopd.com\/webApp\/clientes_derechos\/derechos-formulario.php?id_cliente=WEg4UkM5ZVk4UWdTdzlyWWM4TldEUT09\" target=\"_blank\" rel=\"noopener\">aqu\u00ed<\/a><\/li><li>Para ejercer su derecho de <strong>Limitaci\u00f3n del Tratamiento<\/strong> haga clic <a href=\"https:\/\/intranet.milopd.com\/webApp\/clientes_derechos\/derechos-formulario.php?id_cliente=WEg4UkM5ZVk4UWdTdzlyWWM4TldEUT09\" target=\"_blank\" rel=\"noopener\">aqu\u00ed<\/a><\/li><li>Para ejercer su derecho de <strong>Oposici\u00f3n<\/strong> haga clic <a href=\"https:\/\/intranet.milopd.com\/webApp\/clientes_derechos\/derechos-formulario.php?id_cliente=WEg4UkM5ZVk4UWdTdzlyWWM4TldEUT09\" target=\"_blank\" rel=\"noopener\">aqu\u00ed<\/a><\/li><li>Para ejercer su derecho de <strong>Portabilidad<\/strong> haga clic <a href=\"https:\/\/intranet.milopd.com\/webApp\/clientes_derechos\/derechos-formulario.php?id_cliente=WEg4UkM5ZVk4UWdTdzlyWWM4TldEUT09\" target=\"_blank\" rel=\"noopener\">aqu\u00ed<\/a><\/li><\/ul><\/li><\/ol><\/li><\/ol><p>Alternativamente, tambi\u00e9n puede dirigirse a nosotros mediante correo postal a la siguiente direcci\u00f3n: <strong>COMPLEX CAPARRELLA EDIFICI CEEI LLEIDA MODUL 2.1 &#8211; (25192) LLEIDA<\/strong> adjuntado una fotocopia del DNI, para la certeza de su identidad. Recuerde facilitar la mayor informaci\u00f3n posible sobre su solicitud: Nombre y apellidos, direcci\u00f3n de correo electr\u00f3nico que utiliza para la cuenta o portal objeto de tu solicitud.<\/p><p>Por \u00faltimo, le informamos que puede dirigirse ante la Agencia Espa\u00f1ola de Protecci\u00f3n de Datos y dem\u00e1s organismos p\u00fablicos competentes para cualquier reclamaci\u00f3n derivada del tratamiento de tus datos personales.<\/p><\/li><\/ol><\/li><\/ol>\t\t\t\t\t\t\t\t<\/div>\n\t\t\t\t<div class=\"elementor-element elementor-element-5d396b7 elementor-widget elementor-widget-heading\" data-id=\"5d396b7\" data-element_type=\"widget\" data-e-type=\"widget\" data-widget_type=\"heading.default\">\n\t\t\t\t\t<h4 class=\"elementor-heading-title elementor-size-default\"><a href=\"\">7. Pol\u00edtica de cookies<\/a><\/h4>\t\t\t\t<\/div>\n\t\t\t\t<div class=\"elementor-element elementor-element-1f6da0e elementor-widget elementor-widget-text-editor\" data-id=\"1f6da0e\" data-element_type=\"widget\" data-e-type=\"widget\" data-widget_type=\"text-editor.default\">\n\t\t\t\t\t\t\t\t\t<ol>\n \t<li style=\"list-style-type: none;\">\n<ol>\n \t<li style=\"list-style-type: none;\">Para conocer las cookies que utilizamos en nuestra p\u00e1gina, recuerde que puede acceder a nuestra Pol\u00edtica de Cookies a trav\u00e9s del siguiente enlace <a href=\"https:\/\/intranet.milopd.com\/politicaCookies\/index.php?sid=WEg4UkM5ZVk4UWdTdzlyWWM4TldEUT09\" target=\"_blank\" rel=\"noopener\">pol\u00edtica de cookies<\/a>.<\/li>\n<\/ol>\n<\/li>\n<\/ol>\t\t\t\t\t\t\t\t<\/div>\n\t\t\t\t<div class=\"elementor-element elementor-element-953bd2f elementor-widget elementor-widget-spacer\" data-id=\"953bd2f\" data-element_type=\"widget\" data-e-type=\"widget\" data-widget_type=\"spacer.default\">\n\t\t\t\t\t\t\t<div class=\"elementor-spacer\">\n\t\t\t<div class=\"elementor-spacer-inner\"><\/div>\n\t\t<\/div>\n\t\t\t\t\t\t<\/div>\n\t\t\t\t\t<\/div>\n\t\t<\/div>\n\t\t\t\t\t<\/div>\n\t\t<\/section>\n\t\t\t\t<\/div>","protected":false},"excerpt":{"rendered":"<p>Pol\u00edtica de Privacidad VESTIGIUM SCP Informaci\u00f3n sobre Protecci\u00f3n de Datos 1. Datos relativos al Responsable \u00a0 \u00a0 \u00a0 \u00a0 \u00a0 Responsable Tratamiento \u00a0\u00a0&#8211; Entidad: VESTIGIUM SCP \u00a0\u00a0&#8211; CIF de la entidad: J25854118 \u00a0\u00a0&#8211; Direccion de la entidad: COMPLEX CAPARRELLA EDIFICI CEEI LLEIDA MODUL 2.1 &#8211; (25192) LLEIDA \u00a0\u00a0&#8211; Email de la entidad: CONTACT@VESTIGIUMAPPS.COM \u00a0\u00a0&#8211; Responsable [&hellip;]<\/p>\n","protected":false},"author":1,"featured_media":0,"parent":0,"menu_order":0,"comment_status":"closed","ping_status":"closed","template":"","meta":{"_acf_changed":false,"footnotes":""},"class_list":["post-1140","page","type-page","status-publish","hentry"],"acf":[],"yoast_head":"<!-- This site is optimized with the Yoast SEO plugin v27.5 - https:\/\/yoast.com\/product\/yoast-seo-wordpress\/ -->\n<title>Politica de Privacidad - Vestigium<\/title>\n<meta name=\"robots\" content=\"index, follow, max-snippet:-1, max-image-preview:large, max-video-preview:-1\" \/>\n<link rel=\"canonical\" href=\"https:\/\/www.vestigiumapps.com\/ca\/es\/politica-de-privacidad-2\/\" \/>\n<meta property=\"og:locale\" content=\"ca_ES\" \/>\n<meta property=\"og:type\" content=\"article\" \/>\n<meta property=\"og:title\" content=\"Politica de Privacidad - Vestigium\" \/>\n<meta property=\"og:description\" content=\"Pol\u00edtica de Privacidad VESTIGIUM SCP Informaci\u00f3n sobre Protecci\u00f3n de Datos 1. Datos relativos al Responsable \u00a0 \u00a0 \u00a0 \u00a0 \u00a0 Responsable Tratamiento \u00a0\u00a0&#8211; Entidad: VESTIGIUM SCP \u00a0\u00a0&#8211; CIF de la entidad: J25854118 \u00a0\u00a0&#8211; Direccion de la entidad: COMPLEX CAPARRELLA EDIFICI CEEI LLEIDA MODUL 2.1 &#8211; (25192) LLEIDA \u00a0\u00a0&#8211; Email de la entidad: CONTACT@VESTIGIUMAPPS.COM \u00a0\u00a0&#8211; Responsable [&hellip;]\" \/>\n<meta property=\"og:url\" content=\"https:\/\/www.vestigiumapps.com\/ca\/es\/politica-de-privacidad-2\/\" \/>\n<meta property=\"og:site_name\" content=\"Vestigium\" \/>\n<meta property=\"article:modified_time\" content=\"2020-10-28T08:37:31+00:00\" \/>\n<meta name=\"twitter:card\" content=\"summary_large_image\" \/>\n<meta name=\"twitter:label1\" content=\"Temps estimat de lectura\" \/>\n\t<meta name=\"twitter:data1\" content=\"4 minuts\" \/>\n<script type=\"application\/ld+json\" class=\"yoast-schema-graph\">{\"@context\":\"https:\\\/\\\/schema.org\",\"@graph\":[{\"@type\":\"WebPage\",\"@id\":\"https:\\\/\\\/www.vestigiumapps.com\\\/es\\\/politica-de-privacidad-2\\\/\",\"url\":\"https:\\\/\\\/www.vestigiumapps.com\\\/es\\\/politica-de-privacidad-2\\\/\",\"name\":\"Politica de Privacidad - Vestigium\",\"isPartOf\":{\"@id\":\"https:\\\/\\\/www.vestigiumapps.com\\\/#website\"},\"datePublished\":\"2020-10-28T08:30:09+00:00\",\"dateModified\":\"2020-10-28T08:37:31+00:00\",\"breadcrumb\":{\"@id\":\"https:\\\/\\\/www.vestigiumapps.com\\\/es\\\/politica-de-privacidad-2\\\/#breadcrumb\"},\"inLanguage\":\"ca\",\"potentialAction\":[{\"@type\":\"ReadAction\",\"target\":[\"https:\\\/\\\/www.vestigiumapps.com\\\/es\\\/politica-de-privacidad-2\\\/\"]}]},{\"@type\":\"BreadcrumbList\",\"@id\":\"https:\\\/\\\/www.vestigiumapps.com\\\/es\\\/politica-de-privacidad-2\\\/#breadcrumb\",\"itemListElement\":[{\"@type\":\"ListItem\",\"position\":1,\"name\":\"Portada\",\"item\":\"https:\\\/\\\/www.vestigiumapps.com\\\/\"},{\"@type\":\"ListItem\",\"position\":2,\"name\":\"Politica de Privacidad\"}]},{\"@type\":\"WebSite\",\"@id\":\"https:\\\/\\\/www.vestigiumapps.com\\\/#website\",\"url\":\"https:\\\/\\\/www.vestigiumapps.com\\\/\",\"name\":\"Vestigium\",\"description\":\"Servei de desenvolupament amb un assessorament complet\",\"potentialAction\":[{\"@type\":\"SearchAction\",\"target\":{\"@type\":\"EntryPoint\",\"urlTemplate\":\"https:\\\/\\\/www.vestigiumapps.com\\\/?s={search_term_string}\"},\"query-input\":{\"@type\":\"PropertyValueSpecification\",\"valueRequired\":true,\"valueName\":\"search_term_string\"}}],\"inLanguage\":\"ca\"}]}<\/script>\n<!-- \/ Yoast SEO plugin. -->","yoast_head_json":{"title":"Politica de Privacidad - Vestigium","robots":{"index":"index","follow":"follow","max-snippet":"max-snippet:-1","max-image-preview":"max-image-preview:large","max-video-preview":"max-video-preview:-1"},"canonical":"https:\/\/www.vestigiumapps.com\/ca\/es\/politica-de-privacidad-2\/","og_locale":"ca_ES","og_type":"article","og_title":"Politica de Privacidad - Vestigium","og_description":"Pol\u00edtica de Privacidad VESTIGIUM SCP Informaci\u00f3n sobre Protecci\u00f3n de Datos 1. Datos relativos al Responsable \u00a0 \u00a0 \u00a0 \u00a0 \u00a0 Responsable Tratamiento \u00a0\u00a0&#8211; Entidad: VESTIGIUM SCP \u00a0\u00a0&#8211; CIF de la entidad: J25854118 \u00a0\u00a0&#8211; Direccion de la entidad: COMPLEX CAPARRELLA EDIFICI CEEI LLEIDA MODUL 2.1 &#8211; (25192) LLEIDA \u00a0\u00a0&#8211; Email de la entidad: CONTACT@VESTIGIUMAPPS.COM \u00a0\u00a0&#8211; Responsable [&hellip;]","og_url":"https:\/\/www.vestigiumapps.com\/ca\/es\/politica-de-privacidad-2\/","og_site_name":"Vestigium","article_modified_time":"2020-10-28T08:37:31+00:00","twitter_card":"summary_large_image","twitter_misc":{"Temps estimat de lectura":"4 minuts"},"schema":{"@context":"https:\/\/schema.org","@graph":[{"@type":"WebPage","@id":"https:\/\/www.vestigiumapps.com\/es\/politica-de-privacidad-2\/","url":"https:\/\/www.vestigiumapps.com\/es\/politica-de-privacidad-2\/","name":"Politica de Privacidad - Vestigium","isPartOf":{"@id":"https:\/\/www.vestigiumapps.com\/#website"},"datePublished":"2020-10-28T08:30:09+00:00","dateModified":"2020-10-28T08:37:31+00:00","breadcrumb":{"@id":"https:\/\/www.vestigiumapps.com\/es\/politica-de-privacidad-2\/#breadcrumb"},"inLanguage":"ca","potentialAction":[{"@type":"ReadAction","target":["https:\/\/www.vestigiumapps.com\/es\/politica-de-privacidad-2\/"]}]},{"@type":"BreadcrumbList","@id":"https:\/\/www.vestigiumapps.com\/es\/politica-de-privacidad-2\/#breadcrumb","itemListElement":[{"@type":"ListItem","position":1,"name":"Portada","item":"https:\/\/www.vestigiumapps.com\/"},{"@type":"ListItem","position":2,"name":"Politica de Privacidad"}]},{"@type":"WebSite","@id":"https:\/\/www.vestigiumapps.com\/#website","url":"https:\/\/www.vestigiumapps.com\/","name":"Vestigium","description":"Servei de desenvolupament amb un assessorament complet","potentialAction":[{"@type":"SearchAction","target":{"@type":"EntryPoint","urlTemplate":"https:\/\/www.vestigiumapps.com\/?s={search_term_string}"},"query-input":{"@type":"PropertyValueSpecification","valueRequired":true,"valueName":"search_term_string"}}],"inLanguage":"ca"}]}},"_links":{"self":[{"href":"https:\/\/www.vestigiumapps.com\/ca\/wp-json\/wp\/v2\/pages\/1140","targetHints":{"allow":["GET"]}}],"collection":[{"href":"https:\/\/www.vestigiumapps.com\/ca\/wp-json\/wp\/v2\/pages"}],"about":[{"href":"https:\/\/www.vestigiumapps.com\/ca\/wp-json\/wp\/v2\/types\/page"}],"author":[{"embeddable":true,"href":"https:\/\/www.vestigiumapps.com\/ca\/wp-json\/wp\/v2\/users\/1"}],"replies":[{"embeddable":true,"href":"https:\/\/www.vestigiumapps.com\/ca\/wp-json\/wp\/v2\/comments?post=1140"}],"version-history":[{"count":3,"href":"https:\/\/www.vestigiumapps.com\/ca\/wp-json\/wp\/v2\/pages\/1140\/revisions"}],"predecessor-version":[{"id":1144,"href":"https:\/\/www.vestigiumapps.com\/ca\/wp-json\/wp\/v2\/pages\/1140\/revisions\/1144"}],"wp:attachment":[{"href":"https:\/\/www.vestigiumapps.com\/ca\/wp-json\/wp\/v2\/media?parent=1140"}],"curies":[{"name":"wp","href":"https:\/\/api.w.org\/{rel}","templated":true}]}}